{"id":10,"date":"2025-01-22T16:20:36","date_gmt":"2025-01-22T13:20:36","guid":{"rendered":"https:\/\/kabinmulakat.kapadokya.edu.tr\/?page_id=10"},"modified":"2025-04-18T11:30:12","modified_gmt":"2025-04-18T08:30:12","slug":"anasayfa","status":"publish","type":"page","link":"https:\/\/kabinmulakat.kapadokya.edu.tr\/","title":{"rendered":"Anasayfa"},"content":{"rendered":"\t\t<div data-elementor-type=\"wp-page\" data-elementor-id=\"10\" class=\"elementor elementor-10\">\n\t\t\t\t<div class=\"elementor-element elementor-element-4b7527f e-con-full e-flex e-con e-parent\" data-id=\"4b7527f\" data-element_type=\"container\">\n\t\t<div class=\"elementor-element elementor-element-6008918 e-con-full elementor-hidden-tablet elementor-hidden-mobile e-flex e-con e-child\" data-id=\"6008918\" data-element_type=\"container\" data-settings=\"{&quot;background_background&quot;:&quot;classic&quot;}\">\n\t\t\t\t<\/div>\n\t\t<div class=\"elementor-element elementor-element-ea8f478 e-con-full e-flex e-con e-child\" data-id=\"ea8f478\" data-element_type=\"container\">\n\t\t\t\t<div class=\"elementor-element elementor-element-86dc6c3 elementor-widget elementor-widget-image\" data-id=\"86dc6c3\" data-element_type=\"widget\" data-widget_type=\"image.default\">\n\t\t\t\t<div class=\"elementor-widget-container\">\n\t\t\t\t\t\t\t\t\t\t\t\t\t\t\t<img decoding=\"async\" width=\"300\" height=\"66\" src=\"https:\/\/kabinmulakat.kapadokya.edu.tr\/wp-content\/uploads\/2025\/01\/kun-logo.png\" class=\"attachment-large size-large wp-image-20\" alt=\"\" \/>\t\t\t\t\t\t\t\t\t\t\t\t\t\t\t<\/div>\n\t\t\t\t<\/div>\n\t\t\t\t<div class=\"elementor-element elementor-element-e1751d7 yazi elementor-widget elementor-widget-text-editor\" data-id=\"e1751d7\" data-element_type=\"widget\" data-widget_type=\"text-editor.default\">\n\t\t\t\t<div class=\"elementor-widget-container\">\n\t\t\t\t\t\t\t\t\t<p>Kabin Hizmetleri \u00d6n M\u00fclakatlar\u0131m\u0131za kat\u0131lmak i\u00e7in formu doldurun, hemen sizi arayal\u0131m.<\/p>\t\t\t\t\t\t\t\t<\/div>\n\t\t\t\t<\/div>\n\t\t\t\t<div class=\"elementor-element elementor-element-bad2afc yazi elementor-widget elementor-widget-text-editor\" data-id=\"bad2afc\" data-element_type=\"widget\" data-widget_type=\"text-editor.default\">\n\t\t\t\t<div class=\"elementor-widget-container\">\n\t\t\t\t\t\t\t\t\t<p><a href=\"https:\/\/kapadokya.edu.tr\/\" target=\"_blank\" rel=\"noopener\">Kapadokya \u00dcniversitesi<\/a><\/p>\t\t\t\t\t\t\t\t<\/div>\n\t\t\t\t<\/div>\n\t\t\t\t<div class=\"elementor-element elementor-element-b5e774d elementor-widget elementor-widget-shortcode\" data-id=\"b5e774d\" data-element_type=\"widget\" data-widget_type=\"shortcode.default\">\n\t\t\t\t<div class=\"elementor-widget-container\">\n\t\t\t\t\t\t\t<div class=\"elementor-shortcode\">\n<div class=\"wpcf7 no-js\" id=\"wpcf7-f9-o1\" lang=\"tr-TR\" dir=\"ltr\" data-wpcf7-id=\"9\">\n<div class=\"screen-reader-response\"><p role=\"status\" aria-live=\"polite\" aria-atomic=\"true\"><\/p> <ul><\/ul><\/div>\n<form action=\"\/index.php\/wp-json\/wp\/v2\/pages\/10#wpcf7-f9-o1\" method=\"post\" class=\"wpcf7-form init\" aria-label=\"\u0130leti\u015fim Formu\" novalidate=\"novalidate\" data-status=\"init\">\n<div style=\"display: none;\">\n<input type=\"hidden\" name=\"_wpcf7\" value=\"9\" \/>\n<input type=\"hidden\" name=\"_wpcf7_version\" value=\"6.0.3\" \/>\n<input type=\"hidden\" name=\"_wpcf7_locale\" value=\"tr_TR\" \/>\n<input type=\"hidden\" name=\"_wpcf7_unit_tag\" value=\"wpcf7-f9-o1\" \/>\n<input type=\"hidden\" name=\"_wpcf7_container_post\" value=\"0\" \/>\n<input type=\"hidden\" name=\"_wpcf7_posted_data_hash\" value=\"\" \/>\n<\/div>\n<div class=\"cont-form\">\n\t<div style=\"display:none;\">\n\t\t<p><span class=\"wpcf7-form-control-wrap\" data-name=\"your-subject\"><input size=\"40\" maxlength=\"400\" class=\"wpcf7-form-control wpcf7-text\" aria-invalid=\"false\" value=\"Kabin M\u00fclakat Ba\u015fvuru Formu\" type=\"text\" name=\"your-subject\" \/><\/span>\n\t\t<\/p>\n\t<\/div>\n\t<div class=\"genislik\">\n\t\t<p><span class=\"wpcf7-form-control-wrap\" data-name=\"your-name\"><input size=\"40\" maxlength=\"400\" class=\"wpcf7-form-control wpcf7-text wpcf7-validates-as-required\" autocomplete=\"name\" aria-required=\"true\" aria-invalid=\"false\" placeholder=\"\u0130sim Soyisim\" value=\"\" type=\"text\" name=\"your-name\" \/><\/span>\n\t\t<\/p>\n\t<\/div>\n\t<div class=\"genislik\">\n\t\t<p><span class=\"wpcf7-form-control-wrap\" data-name=\"tel-142\"><input size=\"40\" maxlength=\"10\" minlength=\"10\" class=\"wpcf7-form-control wpcf7-phonetext wpcf7-text wpcf7-validates-as-phonetext\" id=\"tel-142\" aria-invalid=\"false\" value=\"\" type=\"text\" name=\"tel-142\" \/><input type=\"hidden\" name=\"tel-142-country-code\" class=\"wpcf7-phonetext-country-code\" \/><\/span>\n\t\t<\/p>\n\t<\/div>\n\t<div class=\"genislik\">\n\t\t<p><span class=\"wpcf7-form-control-wrap\" data-name=\"select-594\"><select class=\"wpcf7-form-control wpcf7-select wpcf7-validates-as-required\" aria-required=\"true\" aria-invalid=\"false\" name=\"select-594\"><option value=\"\">Cinsiyet Se\u00e7iniz<\/option><option value=\"Erkek\">Erkek<\/option><option value=\"Kad\u0131n\">Kad\u0131n<\/option><\/select><\/span>\n\t\t<\/p>\n\t<\/div>\n\t<div class=\"genislik\">\n\t\t<p><span class=\"wpcf7-form-control-wrap\" data-name=\"number-995\"><input class=\"wpcf7-form-control wpcf7-number wpcf7-validates-as-required wpcf7-validates-as-number\" min=\"150\" max=\"200\" aria-required=\"true\" aria-invalid=\"false\" placeholder=\"Boy(cm)\" value=\"\" type=\"number\" name=\"number-995\" \/><\/span>\n\t\t<\/p>\n\t<\/div>\n\t<div class=\"genislik\">\n\t\t<p><span class=\"wpcf7-form-control-wrap\" data-name=\"number-996\"><input class=\"wpcf7-form-control wpcf7-number wpcf7-validates-as-required wpcf7-validates-as-number\" min=\"30\" max=\"200\" aria-required=\"true\" aria-invalid=\"false\" placeholder=\"Kilo\" value=\"\" type=\"number\" name=\"number-996\" \/><\/span>\n\t\t<\/p>\n\t<\/div>\n\t<div class=\"genislik\">\n\t\t<p><span class=\"wpcf7-form-control-wrap\" data-name=\"select-317\"><select class=\"wpcf7-form-control wpcf7-select wpcf7-validates-as-required\" aria-required=\"true\" aria-invalid=\"false\" name=\"select-317\"><option value=\"\">M\u00fclakat \u015eehri<\/option><option value=\"Ankara 29 Nisan 2023\">Ankara 29 Nisan 2023<\/option><option value=\"Adana 3 May\u0131s 2023\">Adana 3 May\u0131s 2023<\/option><option value=\"Mersin 4 May\u0131s 2023\">Mersin 4 May\u0131s 2023<\/option><option value=\"Denizli 23 May\u0131s 2023\">Denizli 23 May\u0131s 2023<\/option><option value=\"Eski\u015fehir 27 May\u0131s 2023\">Eski\u015fehir 27 May\u0131s 2023<\/option><option value=\"\u0130stanbul 3 Haziran 2023\">\u0130stanbul 3 Haziran 2023<\/option><option value=\"Nev\u015fehir 6 Haziran 2023\">Nev\u015fehir 6 Haziran 2023<\/option><\/select><\/span>\n\t\t<\/p>\n\t<\/div>\n\t<p><span class=\"wpcf7-form-control-wrap\" data-name=\"acceptance-644\"><span class=\"wpcf7-form-control wpcf7-acceptance\"><span class=\"wpcf7-list-item\"><label><input type=\"checkbox\" name=\"acceptance-644\" value=\"1\" aria-invalid=\"false\" \/><span class=\"wpcf7-list-item-label\"><a href=\"https:\/\/kapadokya.edu.tr\/hakkimizda\/kisisel-verilerin-korunmasi\" target=\"_blank\">Ba\u015fvuru Ko\u015fullar\u0131n\u0131 <\/a> Okudum Kabul Ettim<\/span><\/label><\/span><\/span><\/span>\n\t<\/p>\n\t<div class=\"genislik\">\n\t\t<p><span class=\"wpcf7-form-control-wrap\" data-name=\"quiz-742\"><label><span class=\"wpcf7-quiz-label\">2 + 3<\/span> <input size=\"40\" class=\"wpcf7-form-control wpcf7-quiz\" autocomplete=\"off\" aria-required=\"true\" aria-invalid=\"false\" type=\"text\" name=\"quiz-742\" \/><\/label><input type=\"hidden\" name=\"_wpcf7_quiz_answer_quiz-742\" value=\"db66581592e7f76c39211d00d41a7903\" \/><\/span>\n\t\t<\/p>\n\t<\/div>\n<\/div>\n<p><input class=\"wpcf7-form-control wpcf7-submit has-spinner\" type=\"submit\" value=\"G\u00f6nder\" \/>\n<\/p><div class=\"wpcf7-response-output\" aria-hidden=\"true\"><\/div>\n<\/form>\n<\/div>\n<\/div>\n\t\t\t\t\t\t<\/div>\n\t\t\t\t<\/div>\n\t\t\t\t<\/div>\n\t\t\t\t<\/div>\n\t\t\t\t<\/div>\n\t\t","protected":false},"excerpt":{"rendered":"<p>Kabin Hizmetleri \u00d6n M\u00fclakatlar\u0131m\u0131za kat\u0131lmak i\u00e7in formu doldurun, hemen sizi arayal\u0131m. Kapadokya \u00dcniversitesi<\/p>\n","protected":false},"author":1,"featured_media":0,"parent":0,"menu_order":0,"comment_status":"closed","ping_status":"closed","template":"elementor_canvas","meta":{"site-sidebar-layout":"no-sidebar","site-content-layout":"","ast-site-content-layout":"full-width-container","site-content-style":"default","site-sidebar-style":"default","ast-global-header-display":"","ast-banner-title-visibility":"","ast-main-header-display":"","ast-hfb-above-header-display":"","ast-hfb-below-header-display":"","ast-hfb-mobile-header-display":"","site-post-title":"disabled","ast-breadcrumbs-content":"","ast-featured-img":"disabled","footer-sml-layout":"","theme-transparent-header-meta":"","adv-header-id-meta":"","stick-header-meta":"","header-above-stick-meta":"","header-main-stick-meta":"","header-below-stick-meta":"","astra-migrate-meta-layouts":"default","ast-page-background-enabled":"default","ast-page-background-meta":{"desktop":{"background-color":"var(--ast-global-color-5)","background-image":"","background-repeat":"repeat","background-position":"center center","background-size":"auto","background-attachment":"scroll","background-type":"","background-media":"","overlay-type":"","overlay-color":"","overlay-opacity":"","overlay-gradient":""},"tablet":{"background-color":"","background-image":"","background-repeat":"repeat","background-position":"center center","background-size":"auto","background-attachment":"scroll","background-type":"","background-media":"","overlay-type":"","overlay-color":"","overlay-opacity":"","overlay-gradient":""},"mobile":{"background-color":"","background-image":"","background-repeat":"repeat","background-position":"center center","background-size":"auto","background-attachment":"scroll","background-type":"","background-media":"","overlay-type":"","overlay-color":"","overlay-opacity":"","overlay-gradient":""}},"ast-content-background-meta":{"desktop":{"background-color":"var(--ast-global-color-4)","background-image":"","background-repeat":"repeat","background-position":"center center","background-size":"auto","background-attachment":"scroll","background-type":"","background-media":"","overlay-type":"","overlay-color":"","overlay-opacity":"","overlay-gradient":""},"tablet":{"background-color":"var(--ast-global-color-4)","background-image":"","background-repeat":"repeat","background-position":"center center","background-size":"auto","background-attachment":"scroll","background-type":"","background-media":"","overlay-type":"","overlay-color":"","overlay-opacity":"","overlay-gradient":""},"mobile":{"background-color":"var(--ast-global-color-4)","background-image":"","background-repeat":"repeat","background-position":"center center","background-size":"auto","background-attachment":"scroll","background-type":"","background-media":"","overlay-type":"","overlay-color":"","overlay-opacity":"","overlay-gradient":""}},"footnotes":""},"class_list":["post-10","page","type-page","status-publish","hentry"],"_links":{"self":[{"href":"https:\/\/kabinmulakat.kapadokya.edu.tr\/index.php\/wp-json\/wp\/v2\/pages\/10","targetHints":{"allow":["GET"]}}],"collection":[{"href":"https:\/\/kabinmulakat.kapadokya.edu.tr\/index.php\/wp-json\/wp\/v2\/pages"}],"about":[{"href":"https:\/\/kabinmulakat.kapadokya.edu.tr\/index.php\/wp-json\/wp\/v2\/types\/page"}],"author":[{"embeddable":true,"href":"https:\/\/kabinmulakat.kapadokya.edu.tr\/index.php\/wp-json\/wp\/v2\/users\/1"}],"replies":[{"embeddable":true,"href":"https:\/\/kabinmulakat.kapadokya.edu.tr\/index.php\/wp-json\/wp\/v2\/comments?post=10"}],"version-history":[{"count":40,"href":"https:\/\/kabinmulakat.kapadokya.edu.tr\/index.php\/wp-json\/wp\/v2\/pages\/10\/revisions"}],"predecessor-version":[{"id":78,"href":"https:\/\/kabinmulakat.kapadokya.edu.tr\/index.php\/wp-json\/wp\/v2\/pages\/10\/revisions\/78"}],"wp:attachment":[{"href":"https:\/\/kabinmulakat.kapadokya.edu.tr\/index.php\/wp-json\/wp\/v2\/media?parent=10"}],"curies":[{"name":"wp","href":"https:\/\/api.w.org\/{rel}","templated":true}]}}